{"id":38,"date":"2019-07-06T21:12:44","date_gmt":"2019-07-06T21:12:44","guid":{"rendered":"http:\/\/marka-elektro.cz\/?page_id=38"},"modified":"2021-02-16T14:32:01","modified_gmt":"2021-02-16T14:32:01","slug":"sluzby","status":"publish","type":"page","link":"https:\/\/marka-elektro.cz\/","title":{"rendered":"Slu\u017eby"},"content":{"rendered":"<section class=\"l-section wpb_row height_auto\"><div class=\"l-section-h i-cf\"><div class=\"g-cols vc_row type_default valign_top\"><div class=\"vc_col-sm-12 wpb_column vc_column_container\"><div class=\"vc_column-inner\"><div class=\"wpb_wrapper\"><div class=\"w-separator size_small\"><\/div>[rev_slider_vc alias=&#8221;main&#8221;]<div class=\"w-separator size_medium\"><\/div>\r\n\t<div class=\"wpb_text_column \">\r\n\t\t<div class=\"wpb_wrapper\">\r\n\t\t\t<h3 style=\"text-align: center;\">Nab\u00eddka slu\u017eeb<\/h3>\n\r\n\t\t<\/div>\r\n\t<\/div>\r\n<\/div><\/div><\/div><\/div><\/div><\/section><section class=\"l-section wpb_row height_medium\"><div class=\"l-section-h i-cf\"><div class=\"g-cols vc_row type_default valign_top\"><div class=\"vc_col-sm-2 wpb_column vc_column_container\"><div class=\"vc_column-inner\"><div class=\"wpb_wrapper\"><\/div><\/div><\/div><div class=\"vc_col-sm-10 wpb_column vc_column_container\"><div class=\"vc_column-inner\"><div class=\"wpb_wrapper\">\r\n\t<div class=\"wpb_text_column \">\r\n\t\t<div class=\"wpb_wrapper\">\r\n\t\t\t<p>\u2022 Nab\u00edz\u00edme technick\u00e9 slu\u017eby v oboru <strong>M\u011b\u0159en\u00ed a Regulace<\/strong> (MaR)<br \/>\n\u2022 Vypracujeme technick\u00e9 <strong>\u0159e\u0161en\u00ed na m\u00edru<\/strong> s ohledem na nejni\u017e\u0161\u00ed provozn\u00ed n\u00e1klady<br \/>\n\u2022 Realizujeme <strong>n\u00e1vrh, v\u00fdrobu i mont\u00e1\u017e<\/strong> elektrick\u00fdch rozvad\u011b\u010d\u016f v\u010detn\u011b naprogramov\u00e1n\u00ed softwaru<br \/>\n\u2022 Zab\u00fdv\u00e1me se <strong>vzduchotechnikou, v\u00fdm\u011bn\u00edky tepla, kotelnami<\/strong> apod.<br \/>\n\u2022 <strong>V\u00fdroba rozvad\u011b\u010d\u016f<\/strong><br \/>\n\u2022 Elektroinstalace<br \/>\n\u2022 Zaji\u0161\u0165ujeme z\u00e1ru\u010dn\u00ed i poz\u00e1ru\u010dn\u00ed servis<br \/>\n\u2022 Detekce plynu CO, CO2<br \/>\n\u2022 Spr\u00e1va budov a opravy elektrick\u00fdch za\u0159\u00edzen\u00ed<br \/>\n\u2022 Revize elektrick\u00e9ho za\u0159\u00edzen\u00ed<\/p>\n\r\n\t\t<\/div>\r\n\t<\/div>\r\n<\/div><\/div><\/div><\/div><\/div><\/section><section class=\"l-section wpb_row height_medium with_overlay\"><div class=\"l-section-overlay\" style=\"background: #e5e5e5\"><\/div><div class=\"l-section-h i-cf\"><div class=\"g-cols vc_row type_default valign_top\"><div class=\"vc_col-sm-12 wpb_column vc_column_container\"><div class=\"vc_column-inner\"><div class=\"wpb_wrapper\">\r\n\t<div class=\"wpb_text_column \">\r\n\t\t<div class=\"wpb_wrapper\">\r\n\t\t\t<h4 style=\"text-align: center;\">Vytvo\u0159ili jsme<\/h4>\n\r\n\t\t<\/div>\r\n\t<\/div>\r\n<div class=\"w-separator size_small\"><\/div><div class=\"w-grid type_masonry layout_387 cols_5 height_fixed with_isotope\" id=\"us_grid_1\"><style id=\"us_grid_1_css\">#us_grid_1 .w-grid-item{padding:0.5rem}#us_grid_1 .w-grid-list{margin:-0.5rem}.w-grid + #us_grid_1 .w-grid-list{margin-top:0.5rem}.l-section.width_full>div>div>.vc_col-sm-12>div>div>#us_grid_1 .w-grid-list{margin-left:0.5rem;margin-right:0.5rem}.l-section.height_auto>div>div>.vc_col-sm-12>div>div>#us_grid_1:first-child .w-grid-list{margin-top:0.5rem}.l-section.height_auto>div>div>.vc_col-sm-12>div>div>#us_grid_1:last-child .w-grid-list{margin-bottom:0.5rem}@media (max-width:1199px){#us_grid_1 .w-grid-item{width:33.333333333333%}#us_grid_1 .w-grid-item.size_2x1,#us_grid_1 .w-grid-item.size_2x2{width:66.666666666667%}}@media (max-width:899px){#us_grid_1 .w-grid-item{width:50%}#us_grid_1 .w-grid-item.size_2x1,#us_grid_1 .w-grid-item.size_2x2{width:100%}}@media (max-width:599px){#us_grid_1 .w-grid-list{margin:0}#us_grid_1 .w-grid-item{width:100%;padding:0;margin-bottom:0.5rem}}<\/style><style>#us_grid_1 .w-grid-item-h:before{padding-bottom:100.0000%}@media (min-width:600px){#us_grid_1 .w-grid-item.size_1x2 .w-grid-item-h:before{padding-bottom:calc(200% + 0.5rem + 0.5rem)}#us_grid_1 .w-grid-item.size_2x1 .w-grid-item-h:before{padding-bottom:calc(50% - 0.5rem * 1)}#us_grid_1 .w-grid-item.size_2x2 .w-grid-item-h:before{padding-bottom:calc(100% - 0.5rem * 0)}}#us_grid_1 .w-grid-item-h{}#us_grid_1 .usg_post_image_1{}#us_grid_1 .usg_post_image_1{transition-duration:0.3s;transform:scale(1) translate(0%,0%)}#us_grid_1 .w-grid-item-h:hover .usg_post_image_1{transform:scale(1) translate(0%,0%);opacity:0.7}#us_grid_1 .usg_post_image_1{position:absolute;top:0;right:0;bottom:0;left:0}<\/style><div class=\"w-grid-list\"><article class=\"w-grid-item ratio_1x1 size_1x1 post-247 us_portfolio type-us_portfolio status-publish has-post-thumbnail hentry\" data-id=\"247\">\r\n\t<div class=\"w-grid-item-h\">\r\n\t\t\t\t\t<a class=\"w-grid-item-anchor\" href=\"https:\/\/marka-elektro.cz\/wp-content\/uploads\/2019\/07\/IMG_2035.jpg\" ref=\"magnificPopupGrid\" title=\"1\"><\/a>\r\n\t\t\t\t<div class=\"w-post-elm post_image usg_post_image_1 stretched\"><img width=\"750\" height=\"1000\" src=\"https:\/\/marka-elektro.cz\/wp-content\/uploads\/2019\/07\/IMG_2035.jpg\" class=\"attachment-large size-large wp-post-image\" alt=\"\" loading=\"lazy\" srcset=\"https:\/\/marka-elektro.cz\/wp-content\/uploads\/2019\/07\/IMG_2035.jpg 750w, https:\/\/marka-elektro.cz\/wp-content\/uploads\/2019\/07\/IMG_2035-225x300.jpg 225w\" sizes=\"(max-width: 750px) 100vw, 750px\" \/><\/div>\t<\/div>\r\n<\/article>\r\n<article class=\"w-grid-item ratio_1x1 size_1x1 post-251 us_portfolio type-us_portfolio status-publish has-post-thumbnail hentry\" data-id=\"251\">\r\n\t<div class=\"w-grid-item-h\">\r\n\t\t\t\t\t<a class=\"w-grid-item-anchor\" href=\"https:\/\/marka-elektro.cz\/wp-content\/uploads\/2019\/07\/IMG_0967.jpg\" ref=\"magnificPopupGrid\" title=\"2\"><\/a>\r\n\t\t\t\t<div class=\"w-post-elm post_image usg_post_image_1 stretched\"><img width=\"750\" height=\"1000\" src=\"https:\/\/marka-elektro.cz\/wp-content\/uploads\/2019\/07\/IMG_0967.jpg\" class=\"attachment-large size-large wp-post-image\" alt=\"\" loading=\"lazy\" srcset=\"https:\/\/marka-elektro.cz\/wp-content\/uploads\/2019\/07\/IMG_0967.jpg 750w, https:\/\/marka-elektro.cz\/wp-content\/uploads\/2019\/07\/IMG_0967-225x300.jpg 225w\" sizes=\"(max-width: 750px) 100vw, 750px\" \/><\/div>\t<\/div>\r\n<\/article>\r\n<article class=\"w-grid-item ratio_1x1 size_1x1 post-259 us_portfolio type-us_portfolio status-publish has-post-thumbnail hentry\" data-id=\"259\">\r\n\t<div class=\"w-grid-item-h\">\r\n\t\t\t\t\t<a class=\"w-grid-item-anchor\" href=\"https:\/\/marka-elektro.cz\/wp-content\/uploads\/2019\/07\/IMG_0965.jpg\" ref=\"magnificPopupGrid\" title=\"3\"><\/a>\r\n\t\t\t\t<div class=\"w-post-elm post_image usg_post_image_1 stretched\"><img width=\"750\" height=\"1000\" src=\"https:\/\/marka-elektro.cz\/wp-content\/uploads\/2019\/07\/IMG_0965.jpg\" class=\"attachment-large size-large wp-post-image\" alt=\"\" loading=\"lazy\" srcset=\"https:\/\/marka-elektro.cz\/wp-content\/uploads\/2019\/07\/IMG_0965.jpg 750w, https:\/\/marka-elektro.cz\/wp-content\/uploads\/2019\/07\/IMG_0965-225x300.jpg 225w\" sizes=\"(max-width: 750px) 100vw, 750px\" \/><\/div>\t<\/div>\r\n<\/article>\r\n<article class=\"w-grid-item ratio_1x1 size_1x1 post-305 us_portfolio type-us_portfolio status-publish has-post-thumbnail hentry\" data-id=\"305\">\r\n\t<div class=\"w-grid-item-h\">\r\n\t\t\t\t\t<a class=\"w-grid-item-anchor\" href=\"https:\/\/marka-elektro.cz\/wp-content\/uploads\/2019\/07\/IMG-20190704-WA0009.jpg\" ref=\"magnificPopupGrid\" title=\"4\"><\/a>\r\n\t\t\t\t<div class=\"w-post-elm post_image usg_post_image_1 stretched\"><img width=\"1024\" height=\"768\" src=\"https:\/\/marka-elektro.cz\/wp-content\/uploads\/2019\/07\/IMG-20190704-WA0009-1024x768.jpg\" class=\"attachment-large size-large wp-post-image\" alt=\"\" loading=\"lazy\" srcset=\"https:\/\/marka-elektro.cz\/wp-content\/uploads\/2019\/07\/IMG-20190704-WA0009.jpg 1024w, https:\/\/marka-elektro.cz\/wp-content\/uploads\/2019\/07\/IMG-20190704-WA0009-300x225.jpg 300w\" sizes=\"(max-width: 1024px) 100vw, 1024px\" \/><\/div>\t<\/div>\r\n<\/article>\r\n<article class=\"w-grid-item ratio_1x1 size_1x1 post-365 us_portfolio type-us_portfolio status-publish has-post-thumbnail hentry\" data-id=\"365\">\r\n\t<div class=\"w-grid-item-h\">\r\n\t\t\t\t\t<a class=\"w-grid-item-anchor\" href=\"https:\/\/marka-elektro.cz\/wp-content\/uploads\/2019\/07\/IMG_0966.jpg\" ref=\"magnificPopupGrid\" title=\"5\"><\/a>\r\n\t\t\t\t<div class=\"w-post-elm post_image usg_post_image_1 stretched\"><img width=\"750\" height=\"1000\" src=\"https:\/\/marka-elektro.cz\/wp-content\/uploads\/2019\/07\/IMG_0966.jpg\" class=\"attachment-large size-large wp-post-image\" alt=\"\" loading=\"lazy\" srcset=\"https:\/\/marka-elektro.cz\/wp-content\/uploads\/2019\/07\/IMG_0966.jpg 750w, https:\/\/marka-elektro.cz\/wp-content\/uploads\/2019\/07\/IMG_0966-225x300.jpg 225w\" sizes=\"(max-width: 750px) 100vw, 750px\" \/><\/div>\t<\/div>\r\n<\/article>\r\n<article class=\"w-grid-item ratio_1x1 size_1x1 post-465 us_portfolio type-us_portfolio status-publish has-post-thumbnail hentry\" data-id=\"465\">\r\n\t<div class=\"w-grid-item-h\">\r\n\t\t\t\t\t<a class=\"w-grid-item-anchor\" href=\"https:\/\/marka-elektro.cz\/wp-content\/uploads\/2021\/01\/8C5BCEE9-52D9-484B-93D5-38598115510D.jpeg\" ref=\"magnificPopupGrid\" title=\"6\"><\/a>\r\n\t\t\t\t<div class=\"w-post-elm post_image usg_post_image_1 stretched\"><img width=\"1024\" height=\"768\" src=\"https:\/\/marka-elektro.cz\/wp-content\/uploads\/2021\/01\/8C5BCEE9-52D9-484B-93D5-38598115510D-1024x768.jpeg\" class=\"attachment-large size-large wp-post-image\" alt=\"\" loading=\"lazy\" srcset=\"https:\/\/marka-elektro.cz\/wp-content\/uploads\/2021\/01\/8C5BCEE9-52D9-484B-93D5-38598115510D.jpeg 1024w, https:\/\/marka-elektro.cz\/wp-content\/uploads\/2021\/01\/8C5BCEE9-52D9-484B-93D5-38598115510D-300x225.jpeg 300w\" sizes=\"(max-width: 1024px) 100vw, 1024px\" \/><\/div>\t<\/div>\r\n<\/article>\r\n<article class=\"w-grid-item ratio_1x1 size_1x1 post-478 us_portfolio type-us_portfolio status-publish has-post-thumbnail hentry\" data-id=\"478\">\r\n\t<div class=\"w-grid-item-h\">\r\n\t\t\t\t\t<a class=\"w-grid-item-anchor\" href=\"https:\/\/marka-elektro.cz\/wp-content\/uploads\/2021\/01\/97AC978E-5F09-4494-AD37-55A4C9AF005A.jpeg\" ref=\"magnificPopupGrid\" title=\"7\"><\/a>\r\n\t\t\t\t<div class=\"w-post-elm post_image usg_post_image_1 stretched\"><img width=\"1024\" height=\"768\" src=\"https:\/\/marka-elektro.cz\/wp-content\/uploads\/2021\/01\/97AC978E-5F09-4494-AD37-55A4C9AF005A-1024x768.jpeg\" class=\"attachment-large size-large wp-post-image\" alt=\"\" loading=\"lazy\" srcset=\"https:\/\/marka-elektro.cz\/wp-content\/uploads\/2021\/01\/97AC978E-5F09-4494-AD37-55A4C9AF005A.jpeg 1024w, https:\/\/marka-elektro.cz\/wp-content\/uploads\/2021\/01\/97AC978E-5F09-4494-AD37-55A4C9AF005A-300x225.jpeg 300w\" sizes=\"(max-width: 1024px) 100vw, 1024px\" \/><\/div>\t<\/div>\r\n<\/article>\r\n<article class=\"w-grid-item ratio_1x1 size_1x1 post-480 us_portfolio type-us_portfolio status-publish has-post-thumbnail hentry\" data-id=\"480\">\r\n\t<div class=\"w-grid-item-h\">\r\n\t\t\t\t\t<a class=\"w-grid-item-anchor\" href=\"https:\/\/marka-elektro.cz\/wp-content\/uploads\/2021\/01\/598E17EB-6B2C-434E-964E-4D2526968B33.jpeg\" ref=\"magnificPopupGrid\" title=\"8\"><\/a>\r\n\t\t\t\t<div class=\"w-post-elm post_image usg_post_image_1 stretched\"><img width=\"768\" height=\"1024\" src=\"https:\/\/marka-elektro.cz\/wp-content\/uploads\/2021\/01\/598E17EB-6B2C-434E-964E-4D2526968B33-768x1024.jpeg\" class=\"attachment-large size-large wp-post-image\" alt=\"\" loading=\"lazy\" srcset=\"https:\/\/marka-elektro.cz\/wp-content\/uploads\/2021\/01\/598E17EB-6B2C-434E-964E-4D2526968B33.jpeg 768w, https:\/\/marka-elektro.cz\/wp-content\/uploads\/2021\/01\/598E17EB-6B2C-434E-964E-4D2526968B33-225x300.jpeg 225w\" sizes=\"(max-width: 768px) 100vw, 768px\" \/><\/div>\t<\/div>\r\n<\/article>\r\n<article class=\"w-grid-item ratio_1x1 size_1x1 post-484 us_portfolio type-us_portfolio status-publish has-post-thumbnail hentry\" data-id=\"484\">\r\n\t<div class=\"w-grid-item-h\">\r\n\t\t\t\t\t<a class=\"w-grid-item-anchor\" href=\"https:\/\/marka-elektro.cz\/wp-content\/uploads\/2021\/01\/3768939E-8614-4EE1-9E0F-0D07CBAAC76E.jpeg\" ref=\"magnificPopupGrid\" title=\"10\"><\/a>\r\n\t\t\t\t<div class=\"w-post-elm post_image usg_post_image_1 stretched\"><img width=\"768\" height=\"1024\" src=\"https:\/\/marka-elektro.cz\/wp-content\/uploads\/2021\/01\/3768939E-8614-4EE1-9E0F-0D07CBAAC76E-768x1024.jpeg\" class=\"attachment-large size-large wp-post-image\" alt=\"\" loading=\"lazy\" srcset=\"https:\/\/marka-elektro.cz\/wp-content\/uploads\/2021\/01\/3768939E-8614-4EE1-9E0F-0D07CBAAC76E.jpeg 768w, https:\/\/marka-elektro.cz\/wp-content\/uploads\/2021\/01\/3768939E-8614-4EE1-9E0F-0D07CBAAC76E-225x300.jpeg 225w\" sizes=\"(max-width: 768px) 100vw, 768px\" \/><\/div>\t<\/div>\r\n<\/article>\r\n<article class=\"w-grid-item ratio_1x1 size_1x1 post-486 us_portfolio type-us_portfolio status-publish has-post-thumbnail hentry\" data-id=\"486\">\r\n\t<div class=\"w-grid-item-h\">\r\n\t\t\t\t\t<a class=\"w-grid-item-anchor\" href=\"https:\/\/marka-elektro.cz\/wp-content\/uploads\/2021\/01\/32577419-3E03-4699-9C45-5FE369C87D67.jpeg\" ref=\"magnificPopupGrid\" title=\"11\"><\/a>\r\n\t\t\t\t<div class=\"w-post-elm post_image usg_post_image_1 stretched\"><img width=\"1024\" height=\"768\" src=\"https:\/\/marka-elektro.cz\/wp-content\/uploads\/2021\/01\/32577419-3E03-4699-9C45-5FE369C87D67-1024x768.jpeg\" class=\"attachment-large size-large wp-post-image\" alt=\"\" loading=\"lazy\" srcset=\"https:\/\/marka-elektro.cz\/wp-content\/uploads\/2021\/01\/32577419-3E03-4699-9C45-5FE369C87D67.jpeg 1024w, https:\/\/marka-elektro.cz\/wp-content\/uploads\/2021\/01\/32577419-3E03-4699-9C45-5FE369C87D67-300x225.jpeg 300w\" sizes=\"(max-width: 1024px) 100vw, 1024px\" \/><\/div>\t<\/div>\r\n<\/article>\r\n<article class=\"w-grid-item ratio_1x1 size_1x1 post-487 us_portfolio type-us_portfolio status-publish has-post-thumbnail hentry\" data-id=\"487\">\r\n\t<div class=\"w-grid-item-h\">\r\n\t\t\t\t\t<a class=\"w-grid-item-anchor\" href=\"https:\/\/marka-elektro.cz\/wp-content\/uploads\/2021\/01\/AA18B721-6F08-485C-8F6F-3D7D88FB9965.jpeg\" ref=\"magnificPopupGrid\" title=\"12\"><\/a>\r\n\t\t\t\t<div class=\"w-post-elm post_image usg_post_image_1 stretched\"><img width=\"768\" height=\"1024\" src=\"https:\/\/marka-elektro.cz\/wp-content\/uploads\/2021\/01\/AA18B721-6F08-485C-8F6F-3D7D88FB9965-768x1024.jpeg\" class=\"attachment-large size-large wp-post-image\" alt=\"\" loading=\"lazy\" srcset=\"https:\/\/marka-elektro.cz\/wp-content\/uploads\/2021\/01\/AA18B721-6F08-485C-8F6F-3D7D88FB9965.jpeg 768w, https:\/\/marka-elektro.cz\/wp-content\/uploads\/2021\/01\/AA18B721-6F08-485C-8F6F-3D7D88FB9965-225x300.jpeg 225w\" sizes=\"(max-width: 768px) 100vw, 768px\" \/><\/div>\t<\/div>\r\n<\/article>\r\n<article class=\"w-grid-item ratio_1x1 size_1x1 post-488 us_portfolio type-us_portfolio status-publish has-post-thumbnail hentry\" data-id=\"488\">\r\n\t<div class=\"w-grid-item-h\">\r\n\t\t\t\t\t<a class=\"w-grid-item-anchor\" href=\"https:\/\/marka-elektro.cz\/wp-content\/uploads\/2021\/01\/AB81C350-BF4A-4633-B0DC-C3498035E7F0.jpeg\" ref=\"magnificPopupGrid\" title=\"13\"><\/a>\r\n\t\t\t\t<div class=\"w-post-elm post_image usg_post_image_1 stretched\"><img width=\"1024\" height=\"768\" src=\"https:\/\/marka-elektro.cz\/wp-content\/uploads\/2021\/01\/AB81C350-BF4A-4633-B0DC-C3498035E7F0-1024x768.jpeg\" class=\"attachment-large size-large wp-post-image\" alt=\"\" loading=\"lazy\" srcset=\"https:\/\/marka-elektro.cz\/wp-content\/uploads\/2021\/01\/AB81C350-BF4A-4633-B0DC-C3498035E7F0.jpeg 1024w, https:\/\/marka-elektro.cz\/wp-content\/uploads\/2021\/01\/AB81C350-BF4A-4633-B0DC-C3498035E7F0-300x225.jpeg 300w\" sizes=\"(max-width: 1024px) 100vw, 1024px\" \/><\/div>\t<\/div>\r\n<\/article>\r\n<article class=\"w-grid-item ratio_1x1 size_1x1 post-489 us_portfolio type-us_portfolio status-publish has-post-thumbnail hentry\" data-id=\"489\">\r\n\t<div class=\"w-grid-item-h\">\r\n\t\t\t\t\t<a class=\"w-grid-item-anchor\" href=\"https:\/\/marka-elektro.cz\/wp-content\/uploads\/2021\/01\/B6DE4C62-060A-4B72-8468-A83DF59CD670.jpeg\" ref=\"magnificPopupGrid\" title=\"14\"><\/a>\r\n\t\t\t\t<div class=\"w-post-elm post_image usg_post_image_1 stretched\"><img width=\"1024\" height=\"768\" src=\"https:\/\/marka-elektro.cz\/wp-content\/uploads\/2021\/01\/B6DE4C62-060A-4B72-8468-A83DF59CD670-1024x768.jpeg\" class=\"attachment-large size-large wp-post-image\" alt=\"\" loading=\"lazy\" srcset=\"https:\/\/marka-elektro.cz\/wp-content\/uploads\/2021\/01\/B6DE4C62-060A-4B72-8468-A83DF59CD670.jpeg 1024w, https:\/\/marka-elektro.cz\/wp-content\/uploads\/2021\/01\/B6DE4C62-060A-4B72-8468-A83DF59CD670-300x225.jpeg 300w\" sizes=\"(max-width: 1024px) 100vw, 1024px\" \/><\/div>\t<\/div>\r\n<\/article>\r\n<article class=\"w-grid-item ratio_1x1 size_1x1 post-490 us_portfolio type-us_portfolio status-publish has-post-thumbnail hentry\" data-id=\"490\">\r\n\t<div class=\"w-grid-item-h\">\r\n\t\t\t\t\t<a class=\"w-grid-item-anchor\" href=\"https:\/\/marka-elektro.cz\/wp-content\/uploads\/2021\/01\/C9839ABD-ABB2-4E1D-9645-9351503A48A1.jpeg\" ref=\"magnificPopupGrid\" title=\"15\"><\/a>\r\n\t\t\t\t<div class=\"w-post-elm post_image usg_post_image_1 stretched\"><img width=\"1024\" height=\"768\" src=\"https:\/\/marka-elektro.cz\/wp-content\/uploads\/2021\/01\/C9839ABD-ABB2-4E1D-9645-9351503A48A1-1024x768.jpeg\" class=\"attachment-large size-large wp-post-image\" alt=\"\" loading=\"lazy\" srcset=\"https:\/\/marka-elektro.cz\/wp-content\/uploads\/2021\/01\/C9839ABD-ABB2-4E1D-9645-9351503A48A1.jpeg 1024w, https:\/\/marka-elektro.cz\/wp-content\/uploads\/2021\/01\/C9839ABD-ABB2-4E1D-9645-9351503A48A1-300x225.jpeg 300w\" sizes=\"(max-width: 1024px) 100vw, 1024px\" \/><\/div>\t<\/div>\r\n<\/article>\r\n<\/div>\t<div class=\"w-grid-json hidden\" onclick='return {&quot;ajax_url&quot;:&quot;https:\\\/\\\/marka-elektro.cz\\\/wp-admin\\\/admin-ajax.php&quot;,&quot;permalink_url&quot;:&quot;https:\\\/\\\/marka-elektro.cz\\\/index.php\\\/portfolio\\\/15\\\/&quot;,&quot;action&quot;:&quot;us_ajax_grid&quot;,&quot;max_num_pages&quot;:1,&quot;infinite_scroll&quot;:0,&quot;template_vars&quot;:{&quot;query_args&quot;:{&quot;post_type&quot;:[&quot;us_portfolio&quot;],&quot;post_status&quot;:[&quot;publish&quot;],&quot;orderby&quot;:{&quot;date&quot;:&quot;ASC&quot;},&quot;posts_per_page&quot;:&quot;15&quot;},&quot;post_id&quot;:38,&quot;us_grid_index&quot;:1,&quot;us_grid_ajax_index&quot;:1,&quot;exclude_items&quot;:&quot;none&quot;,&quot;items_offset&quot;:&quot;1&quot;,&quot;items_layout&quot;:&quot;387&quot;,&quot;type&quot;:&quot;masonry&quot;,&quot;columns&quot;:&quot;5&quot;,&quot;img_size&quot;:&quot;default&quot;,&quot;overriding_link&quot;:&quot;popup_post_image&quot;}}'><\/div>\r\n<\/div><div class=\"w-separator size_small\"><\/div><\/div><\/div><\/div><\/div><\/div><\/section>\n","protected":false},"excerpt":{"rendered":"","protected":false},"author":4,"featured_media":0,"parent":0,"menu_order":0,"comment_status":"closed","ping_status":"closed","template":"","meta":[],"_links":{"self":[{"href":"https:\/\/marka-elektro.cz\/index.php\/wp-json\/wp\/v2\/pages\/38"}],"collection":[{"href":"https:\/\/marka-elektro.cz\/index.php\/wp-json\/wp\/v2\/pages"}],"about":[{"href":"https:\/\/marka-elektro.cz\/index.php\/wp-json\/wp\/v2\/types\/page"}],"author":[{"embeddable":true,"href":"https:\/\/marka-elektro.cz\/index.php\/wp-json\/wp\/v2\/users\/4"}],"replies":[{"embeddable":true,"href":"https:\/\/marka-elektro.cz\/index.php\/wp-json\/wp\/v2\/comments?post=38"}],"version-history":[{"count":86,"href":"https:\/\/marka-elektro.cz\/index.php\/wp-json\/wp\/v2\/pages\/38\/revisions"}],"predecessor-version":[{"id":499,"href":"https:\/\/marka-elektro.cz\/index.php\/wp-json\/wp\/v2\/pages\/38\/revisions\/499"}],"wp:attachment":[{"href":"https:\/\/marka-elektro.cz\/index.php\/wp-json\/wp\/v2\/media?parent=38"}],"curies":[{"name":"wp","href":"https:\/\/api.w.org\/{rel}","templated":true}]}}